{"id":60,"date":"2021-10-27T09:45:13","date_gmt":"2021-10-27T09:45:13","guid":{"rendered":"https:\/\/logisto-demo.pbminfotech.com\/datasite-demo3\/?page_id=30070"},"modified":"2025-02-04T13:47:04","modified_gmt":"2025-02-04T12:47:04","slug":"logistica-internacina-barcelona","status":"publish","type":"page","link":"https:\/\/lfs-cargo.com\/en\/","title":{"rendered":"Home"},"content":{"rendered":"<div data-elementor-type=\"wp-page\" data-elementor-id=\"60\" class=\"elementor elementor-60\" data-elementor-post-type=\"page\">\n\t\t\t\t<div class=\"elementor-element elementor-element-5d674a4 e-flex e-con-boxed e-con e-parent\" data-id=\"5d674a4\" data-element_type=\"container\" data-e-type=\"container\" data-settings=\"{&quot;background_background&quot;:&quot;classic&quot;}\">\n\t\t\t\t\t<div class=\"e-con-inner\">\n\t\t\t\t<div class=\"elementor-element elementor-element-9cf6d57 elementor-widget__width-initial animated-slow elementor-widget elementor-widget-heading\" data-id=\"9cf6d57\" data-element_type=\"widget\" data-e-type=\"widget\" data-settings=\"{&quot;_animation_mobile&quot;:&quot;fadeIn&quot;,&quot;_animation&quot;:&quot;none&quot;}\" data-widget_type=\"heading.default\">\n\t\t\t\t\t<div class=\"elementor-heading-title elementor-size-default\">LFS CARGO GROUP S.L.U<\/div>\t\t\t\t<\/div>\n\t\t\t\t<div class=\"elementor-element elementor-element-7b5681c elementor-widget__width-initial elementor-widget elementor-widget-heading\" data-id=\"7b5681c\" data-element_type=\"widget\" data-e-type=\"widget\" data-settings=\"{&quot;_animation_mobile&quot;:&quot;fadeIn&quot;}\" data-widget_type=\"heading.default\">\n\t\t\t\t\t<h1 class=\"elementor-heading-title elementor-size-default\">International Logistics<\/h1>\t\t\t\t<\/div>\n\t\t\t\t<div class=\"elementor-element elementor-element-54f046a elementor-widget__width-initial elementor-widget elementor-widget-heading\" data-id=\"54f046a\" data-element_type=\"widget\" data-e-type=\"widget\" data-settings=\"{&quot;_animation_mobile&quot;:&quot;fadeIn&quot;}\" data-widget_type=\"heading.default\">\n\t\t\t\t\t<h2 class=\"elementor-heading-title elementor-size-default\">We are International Shipping Cargo Specialists<\/h2>\t\t\t\t<\/div>\n\t\t\t\t<div class=\"elementor-element elementor-element-0003178 elementor-widget__width-initial elementor-widget elementor-widget-text-editor\" data-id=\"0003178\" data-element_type=\"widget\" data-e-type=\"widget\" data-settings=\"{&quot;_animation_mobile&quot;:&quot;fadeIn&quot;}\" data-widget_type=\"text-editor.default\">\n\t\t\t\t\t\t\t\t\t<ul><li>Shipping to over 200 countries on 7 continents.<\/li><li>Multi-carrier shipping options.<\/li><li>International packing service.<\/li><li>International documentation.<\/li><li>Automated Airway bill.<\/li><\/ul>\t\t\t\t\t\t\t\t<\/div>\n\t\t\t\t<div class=\"elementor-element elementor-element-d26f659 elementor-widget__width-inherit elementor-widget elementor-widget-button\" data-id=\"d26f659\" data-element_type=\"widget\" data-e-type=\"widget\" data-widget_type=\"button.default\">\n\t\t\t\t\t\t\t\t\t\t<a class=\"elementor-button elementor-button-link elementor-size-sm\" href=\"#elementor-action%3Aaction%3Dpopup%3Aopen%26settings%3DeyJpZCI6IjM5MjciLCJ0b2dnbGUiOmZhbHNlfQ%3D%3D\" target=\"_blank\">\n\t\t\t\t\t\t<span class=\"elementor-button-content-wrapper\">\n\t\t\t\t\t\t<span class=\"elementor-button-icon\">\n\t\t\t\t<i aria-hidden=\"true\" class=\"arrow_right-up\"><\/i>\t\t\t<\/span>\n\t\t\t\t\t\t\t\t\t<span class=\"elementor-button-text\">Get a Quote<\/span>\n\t\t\t\t\t<\/span>\n\t\t\t\t\t<\/a>\n\t\t\t\t\t\t\t\t<\/div>\n\t\t\t\t<div class=\"elementor-element elementor-element-a12bf2b elementor-widget__width-initial elementor-absolute glow-blur elementor-widget elementor-widget-image\" data-id=\"a12bf2b\" data-element_type=\"widget\" data-e-type=\"widget\" data-settings=\"{&quot;_position&quot;:&quot;absolute&quot;,&quot;_animation_mobile&quot;:&quot;fadeIn&quot;}\" data-widget_type=\"image.default\">\n\t\t\t\t\t\t\t\t\t\t\t\t\t\t\t<img fetchpriority=\"high\" decoding=\"async\" width=\"1239\" height=\"1618\" src=\"https:\/\/lfs-cargo.com\/wp-content\/uploads\/2024\/04\/ship-m.png\" class=\"attachment-full size-full wp-image-3337\" alt=\"Log\u00edstica Internacional desde Barcelona\" srcset=\"https:\/\/lfs-cargo.com\/wp-content\/uploads\/2024\/04\/ship-m.png 1239w, https:\/\/lfs-cargo.com\/wp-content\/uploads\/2024\/04\/ship-m-230x300.png 230w, https:\/\/lfs-cargo.com\/wp-content\/uploads\/2024\/04\/ship-m-784x1024.png 784w, https:\/\/lfs-cargo.com\/wp-content\/uploads\/2024\/04\/ship-m-768x1003.png 768w, https:\/\/lfs-cargo.com\/wp-content\/uploads\/2024\/04\/ship-m-1176x1536.png 1176w, https:\/\/lfs-cargo.com\/wp-content\/uploads\/2024\/04\/ship-m-9x12.png 9w\" sizes=\"(max-width: 1239px) 100vw, 1239px\" \/>\t\t\t\t\t\t\t\t\t\t\t\t\t\t\t<\/div>\n\t\t\t\t<div class=\"elementor-element elementor-element-09215a0 elementor-widget__width-initial elementor-absolute elementor-widget elementor-widget-image\" data-id=\"09215a0\" data-element_type=\"widget\" data-e-type=\"widget\" data-settings=\"{&quot;_position&quot;:&quot;absolute&quot;}\" data-widget_type=\"image.default\">\n\t\t\t\t\t\t\t\t\t\t\t\t\t\t\t\t<a href=\"https:\/\/aeroceanetwork.net\/\" target=\"_blank\" rel=\"noopener\">\n\t\t\t\t\t\t\t<img decoding=\"async\" width=\"929\" height=\"463\" src=\"https:\/\/lfs-cargo.com\/wp-content\/uploads\/2024\/11\/cropped-AONLOGOFooter.webp\" class=\"attachment-full size-full wp-image-4875\" alt=\"\" srcset=\"https:\/\/lfs-cargo.com\/wp-content\/uploads\/2024\/11\/cropped-AONLOGOFooter.webp 929w, https:\/\/lfs-cargo.com\/wp-content\/uploads\/2024\/11\/cropped-AONLOGOFooter-300x150.webp 300w, https:\/\/lfs-cargo.com\/wp-content\/uploads\/2024\/11\/cropped-AONLOGOFooter-768x383.webp 768w, https:\/\/lfs-cargo.com\/wp-content\/uploads\/2024\/11\/cropped-AONLOGOFooter-18x9.webp 18w\" sizes=\"(max-width: 929px) 100vw, 929px\" \/>\t\t\t\t\t\t\t\t<\/a>\n\t\t\t\t\t\t\t\t\t\t\t\t\t\t\t<\/div>\n\t\t\t\t\t<\/div>\n\t\t\t\t<\/div>\n\t\t<div class=\"elementor-element elementor-element-2a8ec40 e-flex e-con-boxed e-con e-parent\" data-id=\"2a8ec40\" data-element_type=\"container\" data-e-type=\"container\" data-settings=\"{&quot;background_background&quot;:&quot;classic&quot;}\">\n\t\t\t\t\t<div class=\"e-con-inner\">\n\t\t\t\t<div class=\"elementor-element elementor-element-5175c90 elementor-widget__width-inherit elementor-widget elementor-widget-heading\" data-id=\"5175c90\" data-element_type=\"widget\" data-e-type=\"widget\" data-widget_type=\"heading.default\">\n\t\t\t\t\t<h2 class=\"elementor-heading-title elementor-size-default\">With more than 20 years of experience in international freight forwarding.<\/h2>\t\t\t\t<\/div>\n\t\t<div class=\"elementor-element elementor-element-5960154 thsn-bgshape e-con-full e-flex e-con e-child\" data-id=\"5960154\" data-element_type=\"container\" data-e-type=\"container\" data-settings=\"{&quot;background_background&quot;:&quot;classic&quot;,&quot;animation_mobile&quot;:&quot;fadeIn&quot;}\">\n\t\t\t\t<\/div>\n\t\t\t\t<div class=\"elementor-element elementor-element-401a76c elementor-drop-cap-yes elementor-widget__width-initial elementor-drop-cap-view-default elementor-widget elementor-widget-text-editor\" data-id=\"401a76c\" data-element_type=\"widget\" data-e-type=\"widget\" data-settings=\"{&quot;drop_cap&quot;:&quot;yes&quot;}\" data-widget_type=\"text-editor.default\">\n\t\t\t\t\t\t\t\t\t<p>With more than<strong> 20 years of experience<\/strong> in international freight transport<\/p><p class=\"translation-block\">With our <strong>exceptional market knowledge, commitment and vocation,<\/strong> we make service a satisfying customer experience. <strong>We have an extensive network of partners around the world.<\/strong> This allows us to offer high quality solutions with a personalised service.<\/p>\t\t\t\t\t\t\t\t<\/div>\n\t\t\t\t\t<\/div>\n\t\t\t\t<\/div>\n\t\t<div class=\"elementor-element elementor-element-4482a53 animated-slow e-con-full e-flex elementor-invisible e-con e-parent\" data-id=\"4482a53\" data-element_type=\"container\" data-e-type=\"container\" data-settings=\"{&quot;background_background&quot;:&quot;classic&quot;,&quot;animation&quot;:&quot;fadeIn&quot;}\">\n\t\t\t\t<div class=\"elementor-element elementor-element-4984541 elementor-widget__width-inherit elementor-widget elementor-widget-heading\" data-id=\"4984541\" data-element_type=\"widget\" data-e-type=\"widget\" data-widget_type=\"heading.default\">\n\t\t\t\t\t<h2 class=\"elementor-heading-title elementor-size-default\">All solutions for international cargo management <br \/>and logistic services<\/h2>\t\t\t\t<\/div>\n\t\t\t\t<div class=\"elementor-element elementor-element-a195cfe elementor-widget__width-initial elementor-position-top elementor-widget elementor-widget-image-box\" data-id=\"a195cfe\" data-element_type=\"widget\" data-e-type=\"widget\" data-widget_type=\"image-box.default\">\n\t\t\t\t\t<div class=\"elementor-image-box-wrapper\"><figure class=\"elementor-image-box-img\"><img decoding=\"async\" width=\"164\" height=\"121\" src=\"https:\/\/lfs-cargo.com\/wp-content\/uploads\/2021\/10\/thsnsign30.png\" class=\"attachment-full size-full wp-image-23\" alt=\"\" \/><\/figure><div class=\"elementor-image-box-content\"><h3 class=\"elementor-image-box-title\">Air Fright\u00a0Forwarding<\/h3><p class=\"elementor-image-box-description translation-block\"><b>Cost effective<\/b> door-to-door solutions for all your <b>air shipment needs<\/b>.<\/p><\/div><\/div>\t\t\t\t<\/div>\n\t\t\t\t<div class=\"elementor-element elementor-element-deeaf2b elementor-widget__width-initial elementor-position-top elementor-widget elementor-widget-image-box\" data-id=\"deeaf2b\" data-element_type=\"widget\" data-e-type=\"widget\" data-widget_type=\"image-box.default\">\n\t\t\t\t\t<div class=\"elementor-image-box-wrapper\"><figure class=\"elementor-image-box-img\"><img loading=\"lazy\" decoding=\"async\" width=\"164\" height=\"121\" src=\"https:\/\/lfs-cargo.com\/wp-content\/uploads\/2021\/10\/thsnsign32.png\" class=\"attachment-full size-full wp-image-21\" alt=\"\" \/><\/figure><div class=\"elementor-image-box-content\"><h3 class=\"elementor-image-box-title\">Ocean Freight (FCL)\/ (LCL)<\/h3><p class=\"elementor-image-box-description translation-block\">Export and <b>import services for LCL, FCL<\/b> and Cross Trade shipments<\/p><\/div><\/div>\t\t\t\t<\/div>\n\t\t\t\t<div class=\"elementor-element elementor-element-55fb827 elementor-widget__width-initial elementor-position-top elementor-widget elementor-widget-image-box\" data-id=\"55fb827\" data-element_type=\"widget\" data-e-type=\"widget\" data-widget_type=\"image-box.default\">\n\t\t\t\t\t<div class=\"elementor-image-box-wrapper\"><figure class=\"elementor-image-box-img\"><img loading=\"lazy\" decoding=\"async\" width=\"164\" height=\"121\" src=\"https:\/\/lfs-cargo.com\/wp-content\/uploads\/2021\/10\/thsnsign31.png\" class=\"attachment-full size-full wp-image-22\" alt=\"\" \/><\/figure><div class=\"elementor-image-box-content\"><h3 class=\"elementor-image-box-title\">Ground Freight<\/h3><p class=\"elementor-image-box-description translation-block\"><b>Full loads<\/b>, group shipments, and <b>door-to-door delivery services<\/b>, moving services, perishables, temperature-controlled.<\/p><\/div><\/div>\t\t\t\t<\/div>\n\t\t\t\t<\/div>\n\t\t<div class=\"elementor-element elementor-element-d08c115 animated-slow e-flex e-con-boxed elementor-invisible e-con e-parent\" data-id=\"d08c115\" data-element_type=\"container\" data-e-type=\"container\" data-settings=\"{&quot;animation&quot;:&quot;fadeIn&quot;}\">\n\t\t\t\t\t<div class=\"e-con-inner\">\n\t\t<div class=\"elementor-element elementor-element-bf504f8 e-con-full e-flex e-con e-child\" data-id=\"bf504f8\" data-element_type=\"container\" data-e-type=\"container\">\n\t\t\t\t<div class=\"elementor-element elementor-element-5e0e713 elementor-widget__width-inherit elementor-widget elementor-widget-heading\" data-id=\"5e0e713\" data-element_type=\"widget\" data-e-type=\"widget\" data-widget_type=\"heading.default\">\n\t\t\t\t\t<h2 class=\"elementor-heading-title elementor-size-default\">We import and export from and to anywhere worldwide.<\/h2>\t\t\t\t<\/div>\n\t\t\t\t<div class=\"elementor-element elementor-element-e5166e3 elementor-widget elementor-widget-image\" data-id=\"e5166e3\" data-element_type=\"widget\" data-e-type=\"widget\" data-widget_type=\"image.default\">\n\t\t\t\t\t\t\t\t\t\t\t\t\t\t\t<img loading=\"lazy\" decoding=\"async\" width=\"1200\" height=\"600\" src=\"https:\/\/lfs-cargo.com\/wp-content\/uploads\/2024\/03\/Mapa.webp\" class=\"attachment-full size-full wp-image-1954\" alt=\"\" srcset=\"https:\/\/lfs-cargo.com\/wp-content\/uploads\/2024\/03\/Mapa.webp 1200w, https:\/\/lfs-cargo.com\/wp-content\/uploads\/2024\/03\/Mapa-300x150.webp 300w, https:\/\/lfs-cargo.com\/wp-content\/uploads\/2024\/03\/Mapa-1024x512.webp 1024w, https:\/\/lfs-cargo.com\/wp-content\/uploads\/2024\/03\/Mapa-768x384.webp 768w, https:\/\/lfs-cargo.com\/wp-content\/uploads\/2024\/03\/Mapa-18x9.webp 18w, https:\/\/lfs-cargo.com\/wp-content\/uploads\/2024\/03\/Mapa-770x385.webp 770w\" sizes=\"(max-width: 1200px) 100vw, 1200px\" \/>\t\t\t\t\t\t\t\t\t\t\t\t\t\t\t<\/div>\n\t\t\t\t<\/div>\n\t\t<div class=\"elementor-element elementor-element-617effb e-con-full e-flex e-con e-child\" data-id=\"617effb\" data-element_type=\"container\" data-e-type=\"container\">\n\t\t\t\t<div class=\"elementor-element elementor-element-e16e8da elementor-widget__width-inherit elementor-widget elementor-widget-text-editor\" data-id=\"e16e8da\" data-element_type=\"widget\" data-e-type=\"widget\" data-widget_type=\"text-editor.default\">\n\t\t\t\t\t\t\t\t\t<p class=\"translation-block\">In <b>LFS EU<\/b>, <b>we are specialists in reaching all parts of the world<\/b>. Thanks to our solid <b>global network<\/b>, we provide our services to clients in various countries across <b>Europe, Asia, Africa, North America, South America, Central America, and Oceania<\/b>.<\/p>\t\t\t\t\t\t\t\t<\/div>\n\t\t\t\t<div class=\"elementor-element elementor-element-13c4fcf elementor-widget__width-initial elementor-widget elementor-widget-counter\" data-id=\"13c4fcf\" data-element_type=\"widget\" data-e-type=\"widget\" data-widget_type=\"counter.default\">\n\t\t\t\t\t\t\t<div class=\"elementor-counter\">\n\t\t\t<div class=\"elementor-counter-title translation-block\">Active<br> Clients<\/div>\t\t\t<div class=\"elementor-counter-number-wrapper\">\n\t\t\t\t<span class=\"elementor-counter-number-prefix\">+<\/span>\n\t\t\t\t<span class=\"elementor-counter-number\" data-duration=\"2000\" data-to-value=\"40\" data-from-value=\"4\" data-delimiter=\",\">4<\/span>\n\t\t\t\t<span class=\"elementor-counter-number-suffix\"><\/span>\n\t\t\t<\/div>\n\t\t<\/div>\n\t\t\t\t\t\t<\/div>\n\t\t\t\t<div class=\"elementor-element elementor-element-2ada5ef elementor-widget__width-initial elementor-widget elementor-widget-counter\" data-id=\"2ada5ef\" data-element_type=\"widget\" data-e-type=\"widget\" data-widget_type=\"counter.default\">\n\t\t\t\t\t\t\t<div class=\"elementor-counter\">\n\t\t\t<div class=\"elementor-counter-title translation-block\">Years of<br> Experience<\/div>\t\t\t<div class=\"elementor-counter-number-wrapper\">\n\t\t\t\t<span class=\"elementor-counter-number-prefix\">+<\/span>\n\t\t\t\t<span class=\"elementor-counter-number\" data-duration=\"2000\" data-to-value=\"20\" data-from-value=\"2\" data-delimiter=\",\">2<\/span>\n\t\t\t\t<span class=\"elementor-counter-number-suffix\"><\/span>\n\t\t\t<\/div>\n\t\t<\/div>\n\t\t\t\t\t\t<\/div>\n\t\t\t\t<div class=\"elementor-element elementor-element-133240c elementor-widget__width-initial elementor-widget elementor-widget-counter\" data-id=\"133240c\" data-element_type=\"widget\" data-e-type=\"widget\" data-widget_type=\"counter.default\">\n\t\t\t\t\t\t\t<div class=\"elementor-counter\">\n\t\t\t<div class=\"elementor-counter-title translation-block\">Contacts in <br> Countries<\/div>\t\t\t<div class=\"elementor-counter-number-wrapper\">\n\t\t\t\t<span class=\"elementor-counter-number-prefix\">+<\/span>\n\t\t\t\t<span class=\"elementor-counter-number\" data-duration=\"2000\" data-to-value=\"55\" data-from-value=\"5\" data-delimiter=\",\">5<\/span>\n\t\t\t\t<span class=\"elementor-counter-number-suffix\"><\/span>\n\t\t\t<\/div>\n\t\t<\/div>\n\t\t\t\t\t\t<\/div>\n\t\t\t\t<\/div>\n\t\t\t\t\t<\/div>\n\t\t\t\t<\/div>\n\t\t<div class=\"elementor-element elementor-element-19c514c e-flex e-con-boxed e-con e-parent\" data-id=\"19c514c\" data-element_type=\"container\" data-e-type=\"container\" data-settings=\"{&quot;background_background&quot;:&quot;classic&quot;}\">\n\t\t\t\t\t<div class=\"e-con-inner\">\n\t\t\t\t<div class=\"elementor-element elementor-element-40e4543 elementor-widget__width-initial elementor-widget elementor-widget-heading\" data-id=\"40e4543\" data-element_type=\"widget\" data-e-type=\"widget\" data-widget_type=\"heading.default\">\n\t\t\t\t\t<h2 class=\"elementor-heading-title elementor-size-default\">What do our customers and partners say about us?<\/h2>\t\t\t\t<\/div>\n\t\t\t\t<div class=\"elementor-element elementor-element-47c4f68 elementor-arrows-yes elementor-pagination-type-bullets elementor--star-style-star_fontawesome elementor-widget elementor-widget-reviews\" data-id=\"47c4f68\" data-element_type=\"widget\" data-e-type=\"widget\" data-settings=\"{&quot;show_arrows&quot;:&quot;yes&quot;,&quot;pagination&quot;:&quot;bullets&quot;,&quot;speed&quot;:500,&quot;autoplay&quot;:&quot;yes&quot;,&quot;autoplay_speed&quot;:5000,&quot;loop&quot;:&quot;yes&quot;,&quot;pause_on_hover&quot;:&quot;yes&quot;,&quot;pause_on_interaction&quot;:&quot;yes&quot;,&quot;space_between&quot;:{&quot;unit&quot;:&quot;px&quot;,&quot;size&quot;:10,&quot;sizes&quot;:[]},&quot;space_between_tablet_extra&quot;:{&quot;unit&quot;:&quot;px&quot;,&quot;size&quot;:10,&quot;sizes&quot;:[]},&quot;space_between_tablet&quot;:{&quot;unit&quot;:&quot;px&quot;,&quot;size&quot;:10,&quot;sizes&quot;:[]},&quot;space_between_mobile&quot;:{&quot;unit&quot;:&quot;px&quot;,&quot;size&quot;:10,&quot;sizes&quot;:[]}}\" data-widget_type=\"reviews.default\">\n\t\t\t\t\t\t\t\t\t\t<div class=\"elementor-main-swiper swiper\" role=\"region\" aria-roledescription=\"carousel\" aria-label=\"Diapositivas\">\n\t\t\t\t<div class=\"swiper-wrapper\">\n\t\t\t\t\t\t\t\t\t\t\t<div class=\"swiper-slide\" role=\"group\" aria-roledescription=\"slide\">\n\t\t\t\t\t\t\t\t\t<div class=\"elementor-testimonial elementor-repeater-item-d8a04cb\">\n\t\t\t\t\t\t\t<div class=\"elementor-testimonial__header\">\n\t\t\t\t\t\t\t\t\t\t<cite class=\"elementor-testimonial__cite\"><span class=\"elementor-testimonial__name\">Laura Mestre<\/span><\/cite>\t\t\t\t\t<div class=\"elementor-testimonial__icon elementor-icon elementor-icon-\" aria-label=\"Leer m\u00e1s\"><\/div>\t\t\t\t<\/div>\n\t\t\t\t\t\t\t\t\t\t<div class=\"elementor-testimonial__content\">\n\t\t\t\t\t<div class=\"elementor-testimonial__text translation-block\">I have known Sol for many years, and she is a <b>great professional and above all an excellent person.<\/b> We have made <b>both import and export shipments, as well as urgent domestic shipments, which have been resolved very efficiently<\/b>, thanks to her and Andres! <b>We feel very comfortable with them and their personalized service.<\/b> Congratulations, guys, and thank you for taking care of our shipments!!<\/div>\n\t\t\t\t<\/div>\n\t\t\t\t\t<\/div>\n\t\t\t\t\t\t\t\t<\/div>\n\t\t\t\t\t\t\t\t\t\t\t<div class=\"swiper-slide\" role=\"group\" aria-roledescription=\"slide\">\n\t\t\t\t\t\t\t\t\t<div class=\"elementor-testimonial elementor-repeater-item-1b88390\">\n\t\t\t\t\t\t\t<div class=\"elementor-testimonial__header\">\n\t\t\t\t\t\t\t\t\t\t<cite class=\"elementor-testimonial__cite\"><span class=\"elementor-testimonial__name\">Joanna M. Garc\u00eda<\/span><\/cite>\t\t\t\t\t<div class=\"elementor-testimonial__icon elementor-icon elementor-icon-\" aria-label=\"Leer m\u00e1s\"><\/div>\t\t\t\t<\/div>\n\t\t\t\t\t\t\t\t\t\t<div class=\"elementor-testimonial__content\">\n\t\t\t\t\t<div class=\"elementor-testimonial__text translation-block\">The service and attention are excellent!!! <b>Great service from start to finish,<\/b> I'm lucky to have found them. <b>Since I started with them, my deliveries have been top-notch, and if I have any small issues, they are the first to look for solutions and take action!<\/b> Thank you, team!<\/div>\n\t\t\t\t<\/div>\n\t\t\t\t\t<\/div>\n\t\t\t\t\t\t\t\t<\/div>\n\t\t\t\t\t\t\t\t\t\t\t<div class=\"swiper-slide\" role=\"group\" aria-roledescription=\"slide\">\n\t\t\t\t\t\t\t\t\t<div class=\"elementor-testimonial elementor-repeater-item-411abe9\">\n\t\t\t\t\t\t\t<div class=\"elementor-testimonial__header\">\n\t\t\t\t\t\t\t\t\t\t<cite class=\"elementor-testimonial__cite\"><span class=\"elementor-testimonial__name\">Alejandra<\/span><\/cite>\t\t\t\t\t<div class=\"elementor-testimonial__icon elementor-icon elementor-icon-\" aria-label=\"Leer m\u00e1s\"><\/div>\t\t\t\t<\/div>\n\t\t\t\t\t\t\t\t\t\t<div class=\"elementor-testimonial__content\">\n\t\t\t\t\t<div class=\"elementor-testimonial__text translation-block\">I had the opportunity to work with <b>LFS-EU<\/b> to <b>manage a shipment<\/b> from <b>Barcelona to Miami<\/b>, and the experience was <b>excellent<\/b> from the start. The team showed a <b>high level of professionalism and dedication<\/b> at all times, providing <b>quick and efficient solutions<\/b> to ensure the cargo arrived <b>on time and in perfect condition<\/b>.<\/div>\n\t\t\t\t<\/div>\n\t\t\t\t\t<\/div>\n\t\t\t\t\t\t\t\t<\/div>\n\t\t\t\t\t\t\t\t\t\t\t<div class=\"swiper-slide\" role=\"group\" aria-roledescription=\"slide\">\n\t\t\t\t\t\t\t\t\t<div class=\"elementor-testimonial elementor-repeater-item-1478d3d\">\n\t\t\t\t\t\t\t<div class=\"elementor-testimonial__header\">\n\t\t\t\t\t\t\t\t\t\t<cite class=\"elementor-testimonial__cite\"><span class=\"elementor-testimonial__name\">Michael<\/span><\/cite>\t\t\t\t\t<div class=\"elementor-testimonial__icon elementor-icon elementor-icon-\" aria-label=\"Leer m\u00e1s\"><\/div>\t\t\t\t<\/div>\n\t\t\t\t\t\t\t\t\t\t<div class=\"elementor-testimonial__content\">\n\t\t\t\t\t<div class=\"elementor-testimonial__text translation-block\">One of the aspects that stood out the most was the <b>constant and clear communication<\/b> they maintained throughout the process. From the moment the goods <b>were picked up<\/b>, the forwarder <b>kept us informed about the status of the shipment<\/b>, providing <b>regular updates<\/b> on the transit and any possible\u00a0eventualities.<\/div>\n\t\t\t\t<\/div>\n\t\t\t\t\t<\/div>\n\t\t\t\t\t\t\t\t<\/div>\n\t\t\t\t\t\t\t\t\t<\/div>\n\t\t\t\t\t\t\t\t\t\t\t\t\t\t\t<div class=\"elementor-swiper-button elementor-swiper-button-prev\" role=\"button\" tabindex=\"0\" aria-label=\"Anterior\">\n\t\t\t\t\t\t\t<svg aria-hidden=\"true\" class=\"e-font-icon-svg e-eicon-chevron-left\" viewbox=\"0 0 1000 1000\" xmlns=\"http:\/\/www.w3.org\/2000\/svg\"><path d=\"M646 125C629 125 613 133 604 142L308 442C296 454 292 471 292 487 292 504 296 521 308 533L604 854C617 867 629 875 646 875 663 875 679 871 692 858 704 846 713 829 713 812 713 796 708 779 692 767L438 487 692 225C700 217 708 204 708 187 708 171 704 154 692 142 675 129 663 125 646 125Z\"><\/path><\/svg>\t\t\t\t\t\t<\/div>\n\t\t\t\t\t\t<div class=\"elementor-swiper-button elementor-swiper-button-next\" role=\"button\" tabindex=\"0\" aria-label=\"Siguiente\">\n\t\t\t\t\t\t\t<svg aria-hidden=\"true\" class=\"e-font-icon-svg e-eicon-chevron-right\" viewbox=\"0 0 1000 1000\" xmlns=\"http:\/\/www.w3.org\/2000\/svg\"><path d=\"M696 533C708 521 713 504 713 487 713 471 708 454 696 446L400 146C388 133 375 125 354 125 338 125 325 129 313 142 300 154 292 171 292 187 292 204 296 221 308 233L563 492 304 771C292 783 288 800 288 817 288 833 296 850 308 863 321 871 338 875 354 875 371 875 388 867 400 854L696 533Z\"><\/path><\/svg>\t\t\t\t\t\t<\/div>\n\t\t\t\t\t\t\t\t\t\t\t\t\t\t\t\t<div class=\"swiper-pagination\"><\/div>\n\t\t\t\t\t\t\t\t\t\t\t\t<\/div>\n\t\t\t\t\t\t\t\t<\/div>\n\t\t\t\t\t<\/div>\n\t\t\t\t<\/div>\n\t\t\t\t<\/div>","protected":false},"excerpt":{"rendered":"<p>LFS CARGO GROUP S.L.U Log\u00edstica Internacional Somos Especialistas en Env\u00edos de Carga Internacional A m\u00e1s de 200 pa\u00edses en 7 continentes. Opciones de env\u00edo con m\u00faltiples transportistas. Servicio de embalaje internacional. Documentaci\u00f3n internacional. Gu\u00eda a\u00e9rea automatizada. Cotiza ahora Con m\u00e1s de 20 a\u00f1os de experiencia en el transporte internacional de carga. Con m\u00e1s de 20 [&hellip;]<\/p>","protected":false},"author":2,"featured_media":1502,"parent":0,"menu_order":0,"comment_status":"closed","ping_status":"closed","template":"","meta":{"_acf_changed":false,"_joinchat":[],"footnotes":""},"class_list":["post-60","page","type-page","status-publish","has-post-thumbnail","hentry"],"acf":[],"_links":{"self":[{"href":"https:\/\/lfs-cargo.com\/en\/wp-json\/wp\/v2\/pages\/60","targetHints":{"allow":["GET"]}}],"collection":[{"href":"https:\/\/lfs-cargo.com\/en\/wp-json\/wp\/v2\/pages"}],"about":[{"href":"https:\/\/lfs-cargo.com\/en\/wp-json\/wp\/v2\/types\/page"}],"author":[{"embeddable":true,"href":"https:\/\/lfs-cargo.com\/en\/wp-json\/wp\/v2\/users\/2"}],"replies":[{"embeddable":true,"href":"https:\/\/lfs-cargo.com\/en\/wp-json\/wp\/v2\/comments?post=60"}],"version-history":[{"count":2,"href":"https:\/\/lfs-cargo.com\/en\/wp-json\/wp\/v2\/pages\/60\/revisions"}],"predecessor-version":[{"id":5116,"href":"https:\/\/lfs-cargo.com\/en\/wp-json\/wp\/v2\/pages\/60\/revisions\/5116"}],"wp:featuredmedia":[{"embeddable":true,"href":"https:\/\/lfs-cargo.com\/en\/wp-json\/wp\/v2\/media\/1502"}],"wp:attachment":[{"href":"https:\/\/lfs-cargo.com\/en\/wp-json\/wp\/v2\/media?parent=60"}],"curies":[{"name":"wp","href":"https:\/\/api.w.org\/{rel}","templated":true}]}}